{"id":7970,"date":"2022-12-02T12:47:59","date_gmt":"2022-12-02T11:47:59","guid":{"rendered":"https:\/\/test.erasmusplus-sachsen.de\/the-career-garden\/predpripravnicki-staz-u-tvrtki-heinrich-schmid\/2-razgledajte-tvrtku-s-pripravnicima\/"},"modified":"2023-03-23T09:02:40","modified_gmt":"2023-03-23T08:02:40","slug":"2-razgledajte-tvrtku-s-pripravnicima","status":"publish","type":"page","link":"https:\/\/test.erasmusplus-sachsen.de\/hr\/predpripravnicki-staz-u-tvrtki-heinrich-schmid\/2-razgledajte-tvrtku-s-pripravnicima\/","title":{"rendered":"2. Razgledajte tvrtku s pripravnicima."},"content":{"rendered":"<p><div class=\"fusion-fullwidth fullwidth-box fusion-builder-row-1 fusion-flex-container nonhundred-percent-fullwidth non-hundred-percent-height-scrolling\" style=\"--awb-border-radius-top-left:0px;--awb-border-radius-top-right:0px;--awb-border-radius-bottom-right:0px;--awb-border-radius-bottom-left:0px;--awb-flex-wrap:wrap;\" ><div class=\"fusion-builder-row fusion-row fusion-flex-align-items-flex-start fusion-flex-content-wrap\" style=\"max-width:1456px;margin-left: calc(-4% \/ 2 );margin-right: calc(-4% \/ 2 );\"><div class=\"fusion-layout-column fusion_builder_column fusion-builder-column-0 fusion_builder_column_1_1 1_1 fusion-flex-column\" style=\"--awb-bg-size:cover;--awb-width-large:100%;--awb-margin-top-large:0px;--awb-spacing-right-large:1.92%;--awb-margin-bottom-large:20px;--awb-spacing-left-large:1.92%;--awb-width-medium:100%;--awb-order-medium:0;--awb-spacing-right-medium:1.92%;--awb-spacing-left-medium:1.92%;--awb-width-small:100%;--awb-order-small:0;--awb-spacing-right-small:1.92%;--awb-spacing-left-small:1.92%;\"><div class=\"fusion-column-wrapper fusion-column-has-shadow fusion-flex-justify-content-flex-start fusion-content-layout-column\"><div class=\"fusion-image-element \" style=\"--awb-margin-bottom:20px;--awb-caption-title-font-family:var(--h2_typography-font-family);--awb-caption-title-font-weight:var(--h2_typography-font-weight);--awb-caption-title-font-style:var(--h2_typography-font-style);--awb-caption-title-size:var(--h2_typography-font-size);--awb-caption-title-transform:var(--h2_typography-text-transform);--awb-caption-title-line-height:var(--h2_typography-line-height);--awb-caption-title-letter-spacing:var(--h2_typography-letter-spacing);\"><span class=\" fusion-imageframe imageframe-none imageframe-1 hover-type-none\"><img decoding=\"async\" width=\"1459\" height=\"299\" title=\"Career Garden Logo\" src=\"https:\/\/test.erasmusplus-sachsen.de\/wp-content\/uploads\/2022\/07\/career-garden-logo-Pfade.png\" alt class=\"img-responsive wp-image-7790\" srcset=\"https:\/\/test.erasmusplus-sachsen.de\/wp-content\/uploads\/2022\/07\/career-garden-logo-Pfade-200x41.png 200w, https:\/\/test.erasmusplus-sachsen.de\/wp-content\/uploads\/2022\/07\/career-garden-logo-Pfade-400x82.png 400w, https:\/\/test.erasmusplus-sachsen.de\/wp-content\/uploads\/2022\/07\/career-garden-logo-Pfade-600x123.png 600w, https:\/\/test.erasmusplus-sachsen.de\/wp-content\/uploads\/2022\/07\/career-garden-logo-Pfade-800x164.png 800w, https:\/\/test.erasmusplus-sachsen.de\/wp-content\/uploads\/2022\/07\/career-garden-logo-Pfade-1200x246.png 1200w, https:\/\/test.erasmusplus-sachsen.de\/wp-content\/uploads\/2022\/07\/career-garden-logo-Pfade.png 1459w\" sizes=\"(max-width: 1024px) 100vw, (max-width: 640px) 100vw, 1459px\" \/><\/span><\/div><div class=\"fusion-text fusion-text-1\"><h2>Predpripravni\u010dki sta\u017e u tvrtki<\/h2>\n<p><img decoding=\"async\" class=\"alignnone size-full wp-image-6428\" src=\"https:\/\/test.erasmusplus-sachsen.de\/wp-content\/uploads\/2022\/07\/heinrich-schmid.png\" alt=\"Logo Firma Heinrich Schmid\" width=\"300\" height=\"64\" data-mce-src=\"https:\/\/test.erasmusplus-sachsen.de\/wp-content\/uploads\/2022\/07\/heinrich-schmid.png\" srcset=\"https:\/\/test.erasmusplus-sachsen.de\/wp-content\/uploads\/2022\/07\/heinrich-schmid-200x43.png 200w, https:\/\/test.erasmusplus-sachsen.de\/wp-content\/uploads\/2022\/07\/heinrich-schmid.png 300w\" sizes=\"(max-width: 300px) 100vw, 300px\" \/><\/p>\n<\/div><\/div><\/div><\/div><\/div><div class=\"fusion-fullwidth fullwidth-box fusion-builder-row-2 fusion-flex-container has-pattern-background has-mask-background nonhundred-percent-fullwidth non-hundred-percent-height-scrolling\" style=\"--awb-border-radius-top-left:0px;--awb-border-radius-top-right:0px;--awb-border-radius-bottom-right:0px;--awb-border-radius-bottom-left:0px;--awb-flex-wrap:wrap;\" ><div class=\"fusion-builder-row fusion-row fusion-flex-align-items-flex-start fusion-flex-content-wrap\" style=\"max-width:1456px;margin-left: calc(-4% \/ 2 );margin-right: calc(-4% \/ 2 );\"><div class=\"fusion-layout-column fusion_builder_column fusion-builder-column-1 fusion_builder_column_1_1 1_1 fusion-flex-column\" style=\"--awb-bg-size:cover;--awb-width-large:100%;--awb-margin-top-large:0px;--awb-spacing-right-large:1.92%;--awb-margin-bottom-large:20px;--awb-spacing-left-large:1.92%;--awb-width-medium:100%;--awb-order-medium:0;--awb-spacing-right-medium:1.92%;--awb-spacing-left-medium:1.92%;--awb-width-small:100%;--awb-order-small:0;--awb-spacing-right-small:1.92%;--awb-spacing-left-small:1.92%;\"><div class=\"fusion-column-wrapper fusion-column-has-shadow fusion-flex-justify-content-flex-start fusion-content-layout-column\"><div class=\"fusion-text fusion-text-2\"><p><span data-contrast=\"auto\">Na ovoj stranici pripravnici i mladi zaposlenici tvrtke vode vas u obilazak tvrtke i razli\u010ditih radnih mjesta. Oni nisu uvijek u jednoj zgradi, postoje i druge mogu\u0107nosti. Nau\u010dit \u0107ete o mnogim aktivnostima i radnim koracima koji su dio posla i dobit \u0107ete obja\u0161njenje tehnika te savjeta i trikova.<\/span><span data-ccp-props=\"\">\u00a0<\/span><\/p>\n<p><span data-ccp-props=\"\">\u00a0<\/span><\/p>\n<p><span data-contrast=\"auto\">Prvo otvorite (ili ispi\u0161ite) radni list koji pripada videu. Odgovorite na prvo pitanje prije gledanja videa. Nakon toga odgledajte video do kraja i tek onda nastavite s rje\u0161avanjem ostalih zadataka korak po korak. Zabavite se!<\/span><span data-ccp-props=\"\">\u00a0<\/span><\/p>\n<\/div><div class=\"fusion-text fusion-text-3\"><p><img decoding=\"async\" class=\"alignnone wp-image-6829 size-full\" src=\"https:\/\/test.erasmusplus-sachsen.de\/wp-content\/uploads\/2022\/12\/careergarden-blume-32x32-1.png\" alt=\"Career Garden Flower\" width=\"32\" height=\"32\" data-mce-src=\"https:\/\/test.erasmusplus-sachsen.de\/wp-content\/uploads\/2022\/12\/careergarden-blume-32x32-1.png\"> <a href=\"https:\/\/test.erasmusplus-sachsen.de\/wp-content\/uploads\/2023\/03\/2.1.-Tasks-for-film-Company-Heinrich-Schmid-Watching-the-new-generation_CRO.pdf\" rel=\"noopener\" data-mce-href=\"https:\/\/test.erasmusplus-sachsen.de\/wp-content\/uploads\/2023\/03\/2.1.-Tasks-for-film-Company-Heinrich-Schmid-Watching-the-new-generation_CRO.pdf\">2.1. Zadaci za video \u2013 Tvrtka Heinrich Schmid &#8211; Gledanje nove generacije <\/a><\/p>\n<p><img decoding=\"async\" class=\"alignnone size-full wp-image-6829\" src=\"https:\/\/test.erasmusplus-sachsen.de\/wp-content\/uploads\/2022\/12\/careergarden-blume-32x32-1.png\" alt=\"Career Garden Flower\" width=\"32\" height=\"32\" data-mce-src=\"https:\/\/test.erasmusplus-sachsen.de\/wp-content\/uploads\/2022\/12\/careergarden-blume-32x32-1.png\"> <span class=\"NormalTextRun SCXW31189019 BCX9\">2.2. <\/span><span class=\"NormalTextRun SCXW31189019 BCX9\">Video<\/span><span class=\"NormalTextRun SCXW31189019 BCX9\"> za <\/span><span class=\"NormalTextRun SpellingErrorV2Themed SpellingErrorHighlight SCXW31189019 BCX9\">radni<\/span><span class=\"NormalTextRun SCXW31189019 BCX9\"> list<\/span><\/p>\n<\/div><div class=\"fusion-video fusion-vimeo\" style=\"--awb-max-width:780px;--awb-max-height:439px;--awb-margin-bottom:20px;\"><div class=\"video-shortcode\"><div class=\"fluid-width-video-wrapper\" style=\"padding-top:56.28%;\" ><iframe title=\"Vimeo video player 1\" src=\"https:\/\/player.vimeo.com\/video\/791434116?autoplay=0&amp;autopause=0\" width=\"780\" height=\"439\" allowfullscreen allow=\"autoplay; fullscreen\"><\/iframe><\/div><\/div><\/div><div class=\"fusion-text fusion-text-4\"><p><a href=\"https:\/\/vimeo.com\/791448343\" target=\"_blank\" rel=\"noopener\">Dio 1: Tko smo mi<\/a><\/p>\n<p><a href=\"https:\/\/vimeo.com\/791448672\" target=\"_blank\" rel=\"noopener\">Dio 2: Gdje radimo<\/a><\/p>\n<p><a href=\"https:\/\/vimeo.com\/791448822\" target=\"_blank\" rel=\"noopener\">Dio 3: Svi poslovi koje radimo<\/a><\/p>\n<p><a href=\"https:\/\/vimeo.com\/791448978\" target=\"_blank\" rel=\"noopener\">Dio 4: Koje tehnike smatramo zanimljivima<\/a><\/p>\n<p><a href=\"https:\/\/vimeo.com\/791449278\" target=\"_blank\" rel=\"noopener\">Dio 5: Koje savjete i trikove mo\u017eemo savjetovati<\/a><\/p>\n<p><a href=\"https:\/\/vimeo.com\/791449517\" target=\"_blank\" rel=\"noopener\">Dio 6: \u0160to mislimo da je va\u017eno za posao<\/a><\/p>\n<p><a href=\"https:\/\/vimeo.com\/791449603\" target=\"_blank\" rel=\"noopener\">Dio 7: Kako smo dobili stru\u010dnu praksu<\/a><\/p>\n<p><a href=\"https:\/\/vimeo.com\/791449828\" target=\"_blank\" rel=\"noopener\">Dio 8: \u0160to cijenimo u soboslikarskoj profesiji<\/a><\/p>\n<p><a href=\"https:\/\/vimeo.com\/791450017\" target=\"_blank\" rel=\"noopener\">Dio 9: Kako zami\u0161ljamo svoju karijeru u budu\u0107nosti<\/a><\/p>\n<\/div><\/div><\/div><\/div><\/div><\/p>\n","protected":false},"excerpt":{"rendered":"","protected":false},"author":2,"featured_media":0,"parent":7930,"menu_order":0,"comment_status":"closed","ping_status":"closed","template":"","meta":{"_acf_changed":false,"footnotes":""},"class_list":["post-7970","page","type-page","status-publish","hentry"],"acf":[],"yoast_head":"<!-- This site is optimized with the Yoast SEO plugin v27.2 - https:\/\/yoast.com\/product\/yoast-seo-wordpress\/ -->\n<title>2. Razgledajte tvrtku s pripravnicima. - Erasmus+ Projekte<\/title>\n<meta name=\"robots\" content=\"index, follow, max-snippet:-1, max-image-preview:large, max-video-preview:-1\" \/>\n<link rel=\"canonical\" href=\"https:\/\/test.erasmusplus-sachsen.de\/hr\/the-career-garden__trashed\/predpripravnicki-staz-u-tvrtki-heinrich-schmid\/2-razgledajte-tvrtku-s-pripravnicima\/\" \/>\n<meta property=\"og:locale\" content=\"hr_HR\" \/>\n<meta property=\"og:type\" content=\"article\" \/>\n<meta property=\"og:title\" content=\"2. Razgledajte tvrtku s pripravnicima. - Erasmus+ Projekte\" \/>\n<meta property=\"og:url\" content=\"https:\/\/test.erasmusplus-sachsen.de\/hr\/the-career-garden__trashed\/predpripravnicki-staz-u-tvrtki-heinrich-schmid\/2-razgledajte-tvrtku-s-pripravnicima\/\" \/>\n<meta property=\"og:site_name\" content=\"Erasmus+ Projekte\" \/>\n<meta property=\"article:modified_time\" content=\"2023-03-23T08:02:40+00:00\" \/>\n<meta property=\"og:image\" content=\"https:\/\/test.erasmusplus-sachsen.de\/wp-content\/uploads\/2022\/07\/heinrich-schmid.png\" \/>\n<meta name=\"twitter:card\" content=\"summary_large_image\" \/>\n<meta name=\"twitter:label1\" content=\"Procijenjeno vrijeme \u010ditanja\" \/>\n\t<meta name=\"twitter:data1\" content=\"8 minuta\" \/>\n<script type=\"application\/ld+json\" class=\"yoast-schema-graph\">{\"@context\":\"https:\/\/schema.org\",\"@graph\":[{\"@type\":\"WebPage\",\"@id\":\"https:\/\/test.erasmusplus-sachsen.de\/hr\/the-career-garden__trashed\/predpripravnicki-staz-u-tvrtki-heinrich-schmid\/2-razgledajte-tvrtku-s-pripravnicima\/\",\"url\":\"https:\/\/test.erasmusplus-sachsen.de\/hr\/the-career-garden__trashed\/predpripravnicki-staz-u-tvrtki-heinrich-schmid\/2-razgledajte-tvrtku-s-pripravnicima\/\",\"name\":\"2. Razgledajte tvrtku s pripravnicima. - Erasmus+ Projekte\",\"isPartOf\":{\"@id\":\"https:\/\/test.erasmusplus-sachsen.de\/#website\"},\"primaryImageOfPage\":{\"@id\":\"https:\/\/test.erasmusplus-sachsen.de\/hr\/the-career-garden__trashed\/predpripravnicki-staz-u-tvrtki-heinrich-schmid\/2-razgledajte-tvrtku-s-pripravnicima\/#primaryimage\"},\"image\":{\"@id\":\"https:\/\/test.erasmusplus-sachsen.de\/hr\/the-career-garden__trashed\/predpripravnicki-staz-u-tvrtki-heinrich-schmid\/2-razgledajte-tvrtku-s-pripravnicima\/#primaryimage\"},\"thumbnailUrl\":\"https:\/\/test.erasmusplus-sachsen.de\/wp-content\/uploads\/2022\/07\/heinrich-schmid.png\",\"datePublished\":\"2022-12-02T11:47:59+00:00\",\"dateModified\":\"2023-03-23T08:02:40+00:00\",\"breadcrumb\":{\"@id\":\"https:\/\/test.erasmusplus-sachsen.de\/hr\/the-career-garden__trashed\/predpripravnicki-staz-u-tvrtki-heinrich-schmid\/2-razgledajte-tvrtku-s-pripravnicima\/#breadcrumb\"},\"inLanguage\":\"hr\",\"potentialAction\":[{\"@type\":\"ReadAction\",\"target\":[\"https:\/\/test.erasmusplus-sachsen.de\/hr\/the-career-garden__trashed\/predpripravnicki-staz-u-tvrtki-heinrich-schmid\/2-razgledajte-tvrtku-s-pripravnicima\/\"]}]},{\"@type\":\"ImageObject\",\"inLanguage\":\"hr\",\"@id\":\"https:\/\/test.erasmusplus-sachsen.de\/hr\/the-career-garden__trashed\/predpripravnicki-staz-u-tvrtki-heinrich-schmid\/2-razgledajte-tvrtku-s-pripravnicima\/#primaryimage\",\"url\":\"https:\/\/test.erasmusplus-sachsen.de\/wp-content\/uploads\/2022\/07\/heinrich-schmid.png\",\"contentUrl\":\"https:\/\/test.erasmusplus-sachsen.de\/wp-content\/uploads\/2022\/07\/heinrich-schmid.png\"},{\"@type\":\"BreadcrumbList\",\"@id\":\"https:\/\/test.erasmusplus-sachsen.de\/hr\/the-career-garden__trashed\/predpripravnicki-staz-u-tvrtki-heinrich-schmid\/2-razgledajte-tvrtku-s-pripravnicima\/#breadcrumb\",\"itemListElement\":[{\"@type\":\"ListItem\",\"position\":1,\"name\":\"Startseite\",\"item\":\"https:\/\/test.erasmusplus-sachsen.de\/\"},{\"@type\":\"ListItem\",\"position\":2,\"name\":\"Predpripravni\u010dki sta\u017e u tvrtki Heinrich Schmid\",\"item\":\"https:\/\/test.erasmusplus-sachsen.de\/hr\/the-career-garden__trashed\/predpripravnicki-staz-u-tvrtki-heinrich-schmid\/\"},{\"@type\":\"ListItem\",\"position\":3,\"name\":\"2. Razgledajte tvrtku s pripravnicima.\"}]},{\"@type\":\"WebSite\",\"@id\":\"https:\/\/test.erasmusplus-sachsen.de\/#website\",\"url\":\"https:\/\/test.erasmusplus-sachsen.de\/\",\"name\":\"Erasmus+ Projekte\",\"description\":\"Das gro\u00dfe Plus f\u00fcr Sachsens Schulsystem\",\"potentialAction\":[{\"@type\":\"SearchAction\",\"target\":{\"@type\":\"EntryPoint\",\"urlTemplate\":\"https:\/\/test.erasmusplus-sachsen.de\/?s={search_term_string}\"},\"query-input\":{\"@type\":\"PropertyValueSpecification\",\"valueRequired\":true,\"valueName\":\"search_term_string\"}}],\"inLanguage\":\"hr\"}]}<\/script>\n<!-- \/ Yoast SEO plugin. -->","yoast_head_json":{"title":"2. Razgledajte tvrtku s pripravnicima. - Erasmus+ Projekte","robots":{"index":"index","follow":"follow","max-snippet":"max-snippet:-1","max-image-preview":"max-image-preview:large","max-video-preview":"max-video-preview:-1"},"canonical":"https:\/\/test.erasmusplus-sachsen.de\/hr\/the-career-garden__trashed\/predpripravnicki-staz-u-tvrtki-heinrich-schmid\/2-razgledajte-tvrtku-s-pripravnicima\/","og_locale":"hr_HR","og_type":"article","og_title":"2. Razgledajte tvrtku s pripravnicima. - Erasmus+ Projekte","og_url":"https:\/\/test.erasmusplus-sachsen.de\/hr\/the-career-garden__trashed\/predpripravnicki-staz-u-tvrtki-heinrich-schmid\/2-razgledajte-tvrtku-s-pripravnicima\/","og_site_name":"Erasmus+ Projekte","article_modified_time":"2023-03-23T08:02:40+00:00","og_image":[{"url":"https:\/\/test.erasmusplus-sachsen.de\/wp-content\/uploads\/2022\/07\/heinrich-schmid.png","type":"","width":"","height":""}],"twitter_card":"summary_large_image","twitter_misc":{"Procijenjeno vrijeme \u010ditanja":"8 minuta"},"schema":{"@context":"https:\/\/schema.org","@graph":[{"@type":"WebPage","@id":"https:\/\/test.erasmusplus-sachsen.de\/hr\/the-career-garden__trashed\/predpripravnicki-staz-u-tvrtki-heinrich-schmid\/2-razgledajte-tvrtku-s-pripravnicima\/","url":"https:\/\/test.erasmusplus-sachsen.de\/hr\/the-career-garden__trashed\/predpripravnicki-staz-u-tvrtki-heinrich-schmid\/2-razgledajte-tvrtku-s-pripravnicima\/","name":"2. Razgledajte tvrtku s pripravnicima. - Erasmus+ Projekte","isPartOf":{"@id":"https:\/\/test.erasmusplus-sachsen.de\/#website"},"primaryImageOfPage":{"@id":"https:\/\/test.erasmusplus-sachsen.de\/hr\/the-career-garden__trashed\/predpripravnicki-staz-u-tvrtki-heinrich-schmid\/2-razgledajte-tvrtku-s-pripravnicima\/#primaryimage"},"image":{"@id":"https:\/\/test.erasmusplus-sachsen.de\/hr\/the-career-garden__trashed\/predpripravnicki-staz-u-tvrtki-heinrich-schmid\/2-razgledajte-tvrtku-s-pripravnicima\/#primaryimage"},"thumbnailUrl":"https:\/\/test.erasmusplus-sachsen.de\/wp-content\/uploads\/2022\/07\/heinrich-schmid.png","datePublished":"2022-12-02T11:47:59+00:00","dateModified":"2023-03-23T08:02:40+00:00","breadcrumb":{"@id":"https:\/\/test.erasmusplus-sachsen.de\/hr\/the-career-garden__trashed\/predpripravnicki-staz-u-tvrtki-heinrich-schmid\/2-razgledajte-tvrtku-s-pripravnicima\/#breadcrumb"},"inLanguage":"hr","potentialAction":[{"@type":"ReadAction","target":["https:\/\/test.erasmusplus-sachsen.de\/hr\/the-career-garden__trashed\/predpripravnicki-staz-u-tvrtki-heinrich-schmid\/2-razgledajte-tvrtku-s-pripravnicima\/"]}]},{"@type":"ImageObject","inLanguage":"hr","@id":"https:\/\/test.erasmusplus-sachsen.de\/hr\/the-career-garden__trashed\/predpripravnicki-staz-u-tvrtki-heinrich-schmid\/2-razgledajte-tvrtku-s-pripravnicima\/#primaryimage","url":"https:\/\/test.erasmusplus-sachsen.de\/wp-content\/uploads\/2022\/07\/heinrich-schmid.png","contentUrl":"https:\/\/test.erasmusplus-sachsen.de\/wp-content\/uploads\/2022\/07\/heinrich-schmid.png"},{"@type":"BreadcrumbList","@id":"https:\/\/test.erasmusplus-sachsen.de\/hr\/the-career-garden__trashed\/predpripravnicki-staz-u-tvrtki-heinrich-schmid\/2-razgledajte-tvrtku-s-pripravnicima\/#breadcrumb","itemListElement":[{"@type":"ListItem","position":1,"name":"Startseite","item":"https:\/\/test.erasmusplus-sachsen.de\/"},{"@type":"ListItem","position":2,"name":"Predpripravni\u010dki sta\u017e u tvrtki Heinrich Schmid","item":"https:\/\/test.erasmusplus-sachsen.de\/hr\/the-career-garden__trashed\/predpripravnicki-staz-u-tvrtki-heinrich-schmid\/"},{"@type":"ListItem","position":3,"name":"2. Razgledajte tvrtku s pripravnicima."}]},{"@type":"WebSite","@id":"https:\/\/test.erasmusplus-sachsen.de\/#website","url":"https:\/\/test.erasmusplus-sachsen.de\/","name":"Erasmus+ Projekte","description":"Das gro\u00dfe Plus f\u00fcr Sachsens Schulsystem","potentialAction":[{"@type":"SearchAction","target":{"@type":"EntryPoint","urlTemplate":"https:\/\/test.erasmusplus-sachsen.de\/?s={search_term_string}"},"query-input":{"@type":"PropertyValueSpecification","valueRequired":true,"valueName":"search_term_string"}}],"inLanguage":"hr"}]}},"_links":{"self":[{"href":"https:\/\/test.erasmusplus-sachsen.de\/hr\/wp-json\/wp\/v2\/pages\/7970","targetHints":{"allow":["GET"]}}],"collection":[{"href":"https:\/\/test.erasmusplus-sachsen.de\/hr\/wp-json\/wp\/v2\/pages"}],"about":[{"href":"https:\/\/test.erasmusplus-sachsen.de\/hr\/wp-json\/wp\/v2\/types\/page"}],"author":[{"embeddable":true,"href":"https:\/\/test.erasmusplus-sachsen.de\/hr\/wp-json\/wp\/v2\/users\/2"}],"replies":[{"embeddable":true,"href":"https:\/\/test.erasmusplus-sachsen.de\/hr\/wp-json\/wp\/v2\/comments?post=7970"}],"version-history":[{"count":11,"href":"https:\/\/test.erasmusplus-sachsen.de\/hr\/wp-json\/wp\/v2\/pages\/7970\/revisions"}],"predecessor-version":[{"id":8026,"href":"https:\/\/test.erasmusplus-sachsen.de\/hr\/wp-json\/wp\/v2\/pages\/7970\/revisions\/8026"}],"up":[{"embeddable":true,"href":"https:\/\/test.erasmusplus-sachsen.de\/hr\/wp-json\/wp\/v2\/pages\/7930"}],"wp:attachment":[{"href":"https:\/\/test.erasmusplus-sachsen.de\/hr\/wp-json\/wp\/v2\/media?parent=7970"}],"curies":[{"name":"wp","href":"https:\/\/api.w.org\/{rel}","templated":true}]}}